{"id":2612,"date":"2022-05-25T10:15:43","date_gmt":"2022-05-25T08:15:43","guid":{"rendered":"https:\/\/nauticasuditalia.it\/?page_id=2612"},"modified":"2022-11-28T15:37:15","modified_gmt":"2022-11-28T14:37:15","slug":"dealer-invictus","status":"publish","type":"page","link":"https:\/\/nauticasuditalia.it\/en\/dealer-invictus\/","title":{"rendered":"Dealer Invictus"},"content":{"rendered":"<p>[et_pb_section fb_built=&#8221;1&#8243; admin_label=&#8221;Blog&#8221; _builder_version=&#8221;4.16&#8243; _module_preset=&#8221;default&#8221; custom_margin=&#8221;|||&#8221; custom_padding=&#8221;||0px|&#8221; global_colors_info=&#8221;{}&#8221;][et_pb_row _builder_version=&#8221;4.17.4&#8243; _module_preset=&#8221;default&#8221; global_colors_info=&#8221;{}&#8221;][et_pb_column type=&#8221;4_4&#8243; _builder_version=&#8221;4.17.4&#8243; _module_preset=&#8221;default&#8221; global_colors_info=&#8221;{}&#8221;][et_pb_text _builder_version=&#8221;4.17.4&#8243; _module_preset=&#8221;default&#8221; inline_fonts=&#8221;Abhaya Libre&#8221; global_colors_info=&#8221;{}&#8221;]<\/p>\n<h1 style=\"text-align: center;\"><span style=\"font-family: 'Abhaya Libre';\"><strong>Nautica Sud \u00e8 Dealer Invictus.<\/strong><\/span><\/h1>\n<h2><span style=\"font-family: 'Abhaya Libre';\">Abbiamo scelto per te solo l\u2019eccellenza del design, un\u2019icona dello stile italiano.<\/span><\/h2>\n<p><span style=\"font-family: 'Abhaya Libre';\">Scopri tutto quello che pu\u00f2 offrirti il\u00a0Concessionario Invictus.<\/span><\/p>\n<p>[\/et_pb_text][\/et_pb_column][\/et_pb_row][et_pb_row column_structure=&#8221;1_3,2_3&#8243; _builder_version=&#8221;4.17.4&#8243; _module_preset=&#8221;default&#8221; global_colors_info=&#8221;{}&#8221;][et_pb_column type=&#8221;1_3&#8243; _builder_version=&#8221;4.17.4&#8243; _module_preset=&#8221;default&#8221; global_colors_info=&#8221;{}&#8221;][et_pb_image src=&#8221;https:\/\/nauticasuditalia.it\/wp-content\/uploads\/2022\/10\/InvictusYacht_TT460_18-scaled.jpg&#8221; title_text=&#8221;InvictusYacht_TT460_18&#8243; _builder_version=&#8221;4.18.1&#8243; _module_preset=&#8221;default&#8221; global_colors_info=&#8221;{}&#8221;][\/et_pb_image][\/et_pb_column][et_pb_column type=&#8221;2_3&#8243; _builder_version=&#8221;4.17.4&#8243; _module_preset=&#8221;default&#8221; global_colors_info=&#8221;{}&#8221;][et_pb_text _builder_version=&#8221;4.18.1&#8243; _module_preset=&#8221;default&#8221; text_font=&#8221;Abhaya Libre||||||||&#8221; global_colors_info=&#8221;{}&#8221;]<\/p>\n<h2>Una storia tutta italiana: Invictus Yachts.<\/h2>\n<div class=\"col span_6 has-animation animated-in\" data-animation=\"fade-in\" data-delay=\"200\">\n<p>Il simbolo Invictus \u00e8 uno scudo crociato, portatore di valori come bellezza, protezione e fiducia, ed \u00e8 rappresentativo della voglia di sfidare il mare senza indugi. Queste le ragioni che supportano le scelte del brand e la decisione di offrire un nuovo concetto di yacht, che ritragga l\u2019idea di barca di livello superiore.<\/p>\n<p>La collaborazione con il prestigioso studio Christian Grande DesignWorks ha consentito ad Invictus di dare alla luce barche da diporto eccezionali e altamente efficienti, contraddistinte da un design all\u2019avanguardia e infuse della nostra anima e della nostra passione per il mare, per la tecnologia e per il design.<\/p>\n<\/div>\n<p>[\/et_pb_text][\/et_pb_column][\/et_pb_row][\/et_pb_section][et_pb_section fb_built=&#8221;1&#8243; admin_label=&#8221;Subscribe&#8221; _builder_version=&#8221;4.16&#8243; _module_preset=&#8221;default&#8221; custom_padding=&#8221;4px|0px|90px|0px||&#8221; global_colors_info=&#8221;{}&#8221;][et_pb_row _builder_version=&#8221;4.16&#8243; _module_preset=&#8221;default&#8221; global_colors_info=&#8221;{}&#8221;][et_pb_column type=&#8221;4_4&#8243; _builder_version=&#8221;4.16&#8243; _module_preset=&#8221;default&#8221; custom_padding=&#8221;|||&#8221; global_colors_info=&#8221;{}&#8221; custom_padding__hover=&#8221;|||&#8221;][et_pb_text _builder_version=&#8221;4.18.1&#8243; _module_preset=&#8221;default&#8221; inline_fonts=&#8221;Abhaya Libre&#8221; global_colors_info=&#8221;{}&#8221;]<\/p>\n<h2 class=\"wpb_heading wpb_singleimage_heading\" style=\"text-align: center;\"><strong><span style=\"font-family: 'Abhaya Libre';\">Dealer Invictus &#8211; Italia<\/span><\/strong><\/h2>\n<figure class=\"wpb_wrapper vc_figure\"><\/figure>\n<p>[\/et_pb_text][et_pb_image src=&#8221;https:\/\/nauticasuditalia.it\/wp-content\/uploads\/2022\/10\/InvictusYacht_GT320_7-scaled.jpg&#8221; title_text=&#8221;InvictusYacht_GT320_7&#8243; align=&#8221;center&#8221; _builder_version=&#8221;4.18.1&#8243; _module_preset=&#8221;default&#8221; width=&#8221;100%&#8221; custom_margin=&#8221;1px|||||&#8221; global_colors_info=&#8221;{}&#8221;][\/et_pb_image][\/et_pb_column][\/et_pb_row][et_pb_row _builder_version=&#8221;4.16&#8243; _module_preset=&#8221;default&#8221; custom_width_px=&#8221;1440px&#8221; global_colors_info=&#8221;{}&#8221;][et_pb_column type=&#8221;4_4&#8243; _builder_version=&#8221;4.16&#8243; _module_preset=&#8221;default&#8221; custom_padding=&#8221;|||&#8221; global_colors_info=&#8221;{}&#8221; custom_padding__hover=&#8221;|||&#8221;][et_pb_text admin_label=&#8221;Title&#8221; _builder_version=&#8221;4.17.4&#8243; _module_preset=&#8221;default&#8221; text_font=&#8221;||||||||&#8221; header_font=&#8221;||||||||&#8221; header_2_font=&#8221;Montserrat|500|||||||&#8221; header_2_text_align=&#8221;center&#8221; header_2_font_size=&#8221;30px&#8221; header_2_line_height=&#8221;1.4em&#8221; animation_style=&#8221;fade&#8221; inline_fonts=&#8221;Abhaya Libre&#8221; global_colors_info=&#8221;{}&#8221;]<\/p>\n<h3><span style=\"font-family: 'Abhaya Libre'; font-weight: normal;\"><strong>\u00a0 \u00a0 \u00a0 \u00a0 \u00a0 \u00a0 \u00a0 \u00a0 \u00a0 \u00a0 \u00a0 \u00a0 \u00a0 Nautica Sud non \u00e8 solo un Dealer Invictus, ne sposa la mission e la passione per il design.<\/strong><\/span><\/h3>\n<p>[\/et_pb_text][et_pb_text _builder_version=&#8221;4.18.1&#8243; _module_preset=&#8221;default&#8221; inline_fonts=&#8221;Abhaya Libre&#8221; global_colors_info=&#8221;{}&#8221;]<\/p>\n<div>\n<div class=\"column mcb-column one-fourth column_column \">\n<div class=\"column_attr clearfix\">\n<p><span style=\"font-family: 'Abhaya Libre'; font-weight: normal;\">Invictus attraverso le forme e le linee delle imbarcazioni, ricche di innovazioni tecniche e curate nei minimi dettagli, conferisce un\u2019atmosfera di lussuoso benessere a bordo.<\/span><br \/><span style=\"font-family: 'Abhaya Libre';\"><strong>Invictus Yacht \u00e8 il nuovo punto di riferimento della Nautica Italiana.<\/strong><\/span><br \/><span style=\"font-family: 'Abhaya Libre';\">Intende essere pi\u00f9 di un costruttore di yacht, vuole creare il lusso di domani trasformando i desideri degli armatori in realt\u00e0. Con le nuove Invictus \u00e8 stato progettato il futuro, imbarcazioni uniche e speciali, concepite e costruite con tutte le qualit\u00e0 che hanno reso la cantieristica da diporto italiana la migliore del mondo.<\/span><\/p>\n<\/div>\n<\/div>\n<\/div>\n<p>[\/et_pb_text][et_pb_button button_text=&#8221;Guarda i modelli&#8221; button_alignment=&#8221;center&#8221; _builder_version=&#8221;4.19.1&#8243; _module_preset=&#8221;1ca5a335-b05a-4de6-aaea-02c3a956d4ec&#8221; button_text_color=&#8221;#FFFFFF&#8221; button_bg_color=&#8221;#000000&#8243; button_border_radius=&#8221;100px&#8221; hover_enabled=&#8221;0&#8243; global_colors_info=&#8221;{}&#8221; button_url=&#8221;@ET-DC@eyJkeW5hbWljIjp0cnVlLCJjb250ZW50IjoicG9zdF9saW5rX3VybF9wYWdlIiwic2V0dGluZ3MiOnsicG9zdF9pZCI6IjI2NTYifX0=@&#8221; _dynamic_attributes=&#8221;button_url&#8221; sticky_enabled=&#8221;0&#8243;][\/et_pb_button][\/et_pb_column][\/et_pb_row][\/et_pb_section]<\/p>\n","protected":false},"excerpt":{"rendered":"<p>Nautica Sud \u00e8 Dealer Invictus. Abbiamo scelto per te solo l\u2019eccellenza del design, un\u2019icona dello stile italiano. Scopri tutto quello che pu\u00f2 offrirti il\u00a0Concessionario Invictus.Una storia tutta italiana: Invictus Yachts. Il simbolo Invictus \u00e8 uno scudo crociato, portatore di valori come bellezza, protezione e fiducia, ed \u00e8 rappresentativo della voglia di sfidare il mare senza [&hellip;]<\/p>\n","protected":false},"author":3,"featured_media":0,"parent":0,"menu_order":0,"comment_status":"closed","ping_status":"closed","template":"","meta":{"_et_pb_use_builder":"on","_et_pb_old_content":"","_et_gb_content_width":"","footnotes":""},"class_list":["post-2612","page","type-page","status-publish","hentry"],"_links":{"self":[{"href":"https:\/\/nauticasuditalia.it\/en\/wp-json\/wp\/v2\/pages\/2612","targetHints":{"allow":["GET"]}}],"collection":[{"href":"https:\/\/nauticasuditalia.it\/en\/wp-json\/wp\/v2\/pages"}],"about":[{"href":"https:\/\/nauticasuditalia.it\/en\/wp-json\/wp\/v2\/types\/page"}],"author":[{"embeddable":true,"href":"https:\/\/nauticasuditalia.it\/en\/wp-json\/wp\/v2\/users\/3"}],"replies":[{"embeddable":true,"href":"https:\/\/nauticasuditalia.it\/en\/wp-json\/wp\/v2\/comments?post=2612"}],"version-history":[{"count":14,"href":"https:\/\/nauticasuditalia.it\/en\/wp-json\/wp\/v2\/pages\/2612\/revisions"}],"predecessor-version":[{"id":4066,"href":"https:\/\/nauticasuditalia.it\/en\/wp-json\/wp\/v2\/pages\/2612\/revisions\/4066"}],"wp:attachment":[{"href":"https:\/\/nauticasuditalia.it\/en\/wp-json\/wp\/v2\/media?parent=2612"}],"curies":[{"name":"wp","href":"https:\/\/api.w.org\/{rel}","templated":true}]}}