{"id":2937,"date":"2022-05-31T14:17:06","date_gmt":"2022-05-31T12:17:06","guid":{"rendered":"https:\/\/nauticasuditalia.it\/?page_id=2937"},"modified":"2022-05-31T14:25:18","modified_gmt":"2022-05-31T12:25:18","slug":"privacy-policy-2","status":"publish","type":"page","link":"https:\/\/nauticasuditalia.it\/en\/privacy-policy-2\/","title":{"rendered":"Privacy policy"},"content":{"rendered":"<p>[et_pb_section fb_built=&#8221;1&#8243; admin_label=&#8221;Hero&#8221; _builder_version=&#8221;4.17.4&#8243; _module_preset=&#8221;default&#8221; use_background_color_gradient=&#8221;on&#8221; background_color_gradient_direction=&#8221;137deg&#8221; background_color_gradient_stops=&#8221;#9e56f9 0%|#308cff 100%&#8221; background_color_gradient_start=&#8221;#9e56f9&#8243; background_color_gradient_end=&#8221;#308cff&#8221; custom_padding=&#8221;90px||90px||true&#8221; bottom_divider_style=&#8221;slant&#8221; bottom_divider_color=&#8221;#ffffff&#8221; bottom_divider_height=&#8221;200px&#8221; bottom_divider_flip=&#8221;horizontal&#8221; global_colors_info=&#8221;{}&#8221;][et_pb_row _builder_version=&#8221;4.16&#8243; _module_preset=&#8221;default&#8221; background_size=&#8221;initial&#8221; background_position=&#8221;top_left&#8221; background_repeat=&#8221;repeat&#8221; custom_margin=&#8221;||40px|&#8221; global_colors_info=&#8221;{}&#8221;][et_pb_column type=&#8221;4_4&#8243; _builder_version=&#8221;4.16&#8243; _module_preset=&#8221;default&#8221; custom_padding=&#8221;|||&#8221; global_colors_info=&#8221;{}&#8221; custom_padding__hover=&#8221;|||&#8221;][et_pb_text admin_label=&#8221;Title&#8221; _builder_version=&#8221;4.17.4&#8243; _module_preset=&#8221;default&#8221; text_font=&#8221;||||||||&#8221; header_font=&#8221;Montserrat|500|||||||&#8221; header_text_align=&#8221;center&#8221; header_font_size=&#8221;84px&#8221; background_layout=&#8221;dark&#8221; animation_style=&#8221;zoom&#8221; animation_direction=&#8221;left&#8221; animation_intensity_zoom=&#8221;10%&#8221; hover_enabled=&#8221;0&#8243; header_font_size_tablet=&#8221;50px&#8221; header_font_size_phone=&#8221;&#8221; header_font_size_last_edited=&#8221;on|phone&#8221; global_colors_info=&#8221;{}&#8221; sticky_enabled=&#8221;0&#8243;]<\/p>\n<h1>Privacy policy<\/h1>\n<p>[\/et_pb_text][\/et_pb_column][\/et_pb_row][\/et_pb_section][et_pb_section fb_built=&#8221;1&#8243; admin_label=&#8221;Features&#8221; _builder_version=&#8221;4.16&#8243; _module_preset=&#8221;default&#8221; custom_margin=&#8221;|||&#8221; custom_padding=&#8221;5px||120px|||&#8221; global_colors_info=&#8221;{}&#8221;][et_pb_row _builder_version=&#8221;4.16&#8243; _module_preset=&#8221;default&#8221; custom_margin=&#8221;50px||50px|&#8221; custom_margin_tablet=&#8221;50px||0px|&#8221; custom_margin_phone=&#8221;&#8221; custom_margin_last_edited=&#8221;on|desktop&#8221; global_colors_info=&#8221;{}&#8221;][et_pb_column type=&#8221;4_4&#8243; _builder_version=&#8221;4.16&#8243; _module_preset=&#8221;default&#8221; custom_padding=&#8221;|||&#8221; global_colors_info=&#8221;{}&#8221; custom_padding__hover=&#8221;|||&#8221;][et_pb_blurb icon_placement=&#8221;left&#8221; _builder_version=&#8221;4.17.4&#8243; _module_preset=&#8221;default&#8221; header_font=&#8221;Montserrat|500|||||||&#8221; header_line_height=&#8221;1.9em&#8221; body_font=&#8221;Montserrat|300|||||||&#8221; body_font_size=&#8221;17px&#8221; body_line_height=&#8221;1.8em&#8221; animation_style=&#8221;fade&#8221; hover_enabled=&#8221;0&#8243; global_colors_info=&#8221;{}&#8221; content_max_width=&#8221;100%&#8221; sticky_enabled=&#8221;0&#8243;]L\u2019indirizzo del nostro sito web \u00e8:<span>\u00a0<\/span><a href=\"https:\/\/nauticasuditalia.it\/\">https:\/\/nauticasuditalia.it\/<\/a><\/p>\n<p>Prendiamo in seria considerazione la privacy dell\u2019utente e il nostro impegno \u00e8 volto al rispetto della stessa. La presente privacy policy (\u201cPrivacy Policy\u201d) descrive le attivit\u00e0 di trattamento di dati personali realizzate da nauticasuditalia.it (di seguito nauticasuditalia.it) e i relativi impegni assunti in tal senso. nauticasuditalia.it<span>\u00a0<\/span><strong>non tratta i dati personali dell\u2019utente quando questi visita il sito<\/strong>. Nelle sezioni in cui dovessero essere raccolti i dati personali dell\u2019utente (mail) sar\u00e0 regolarmente pubblicata una specifica informativa ai sensi dell\u2019art. 13 \/15 del Reg. UE 2016\/679.<\/p>\n<p>Ove previsto dal Reg. UE 2016\/679 sar\u00e0 richiesto il consenso dell\u2019utente prima di procedere al trattamento dei suoi dati personali. Se l\u2019utente fornisce dati personali di terzi, deve provvedere affinch\u00e9 la comunicazione dei dati e il successivo trattamento per le finalit\u00e0 specificate nell\u2019informativa privacy applicabile sia conforme al Reg. UE 2016\/679 e alla normativa applicabile.<\/p>\n<p><strong>Estremi identificativi del titolare\/responsabile trattamento dati<\/strong><\/p>\n<p>Nautica Sud S.R.L. \u2013 Strada Madonna Giulia Borgo San Michele 04100 Latina (LT) \u2013 Italia<\/p>\n<p><strong>Tipologia di dati trattati<\/strong><\/p>\n<p>La visita e la consultazione di nauticasuditalia.it non comportano raccolta e trattamento dei dati personali dell\u2019utente. Potranno essere oggetto di trattamento dati personali volontariamente forniti dall\u2019utente quando questi interagisce con le funzionalit\u00e0 del Sito o chiede di fruire dei servizi offerti sul Sito, dopo che vi \u00e8 giunto per via web\/social oppure per via di campagne pubblicitarie, in relazione alle quali nauticasuditalia.it<span>\u00a0<\/span><strong>NON INSTALLA ALCUN CODICE NE\u2019 SNIPPET DI MONITORAGGIO<\/strong>. Nel rispetto del Codice Privacy.<\/p>\n<p><strong>Cookies e dati di navigazione<\/strong><\/p>\n<p>Il Sito utilizza \u201ccookies\u201d. Utilizzando nauticasuditalia.it, l\u2019utente acconsente all\u2019utilizzo dei cookies in conformit\u00e0 con questa Privacy Policy. I cookies sono piccoli file memorizzati sull\u2019hard disk del computer dell\u2019utente. Esistono due macro-categorie di cookie: cookie tecnici e cookie di profilazione. I cookie tecnici sono necessari per il corretto funzionamento di un sito web e per permettere la navigazione dell\u2019utente; senza di essi l\u2019utente potrebbe non essere in grado di visualizzare correttamente le pagine oppure di utilizzare alcuni servizi. I cookie di profilazione hanno il compito di creare profili dell\u2019utente al fine di inviare messaggi pubblicitari in linea con le preferenze manifestate dallo stesso durante la navigazione.<\/p>\n<p>I cookie possono inoltre essere classificati come:<\/p>\n<p>_ cookie \u201cdi sessione\u201d, i quali vengono cancellati immediatamente alla chiusura del browser di navigazione; _ cookie \u201cpersistenti\u201d, i quali rimangono all\u2019interno del browser per un determinato periodo di tempo. Sono utilizzati, ad esempio, per riconoscere il dispositivo che si collega ad un sito agevolando le operazioni di autenticazione per l\u2019utente;<\/p>\n<p>_ cookie \u201cpropri\u201d, generati e gestiti direttamente dal soggetto gestore del sito web sul quale l\u2019utente sta navigando;<br \/>\n_ cookie \u201cterze parti\u201d, generati e gestiti da soggetti diversi dal gestore del sito web sul quale l\u2019utente sta navigando.<\/p>\n<p><strong>Cookies utilizzati sul sito<\/strong><\/p>\n<p>Il Sito utilizza le seguenti tipologie di cookie:<\/p>\n<p>1) cookie propri, di sessione, necessari per consentire la navigazione sul Sito, per finalit\u00e0 di sicurezza interna e di amministrazione del sistema.<\/p>\n<p>2) cookies analitici (anonimizzati) ai fini di analisi navigazione e utilizzo del sito.<\/p>\n<p>Nella seguente lista viene illustrato un dettaglio dei cookie presenti sul Sito:<\/p>\n<p><strong>WordPress \u2013 Propri, tecnici, di sessione (anonimi)<\/strong><\/p>\n<p><strong>FUNZIONE: Navigazione<\/strong><\/p>\n<p><strong>Analytics \u2013 Terze Parti, analitici (anonimizzati)<\/strong><\/p>\n<p><strong>FUNZIONE: Analisti statistiche utilizzo sito<\/strong><\/p>\n<p><strong>Statistiche<\/strong><\/p>\n<p>nauticasuditalia.it\u00a0usa il servizio Google Analytics. Onde rispettare la privacy degli utenti e le normative del GDPR la modalit\u00e0 utilizzata \u00e8:<\/p>\n<p>\u201c<strong>_anonymize_Ip<\/strong>\u201d<\/p>\n<p>Con detta modalit\u00e0 gli indirizzi IP degli utenti che navigano sul portale sono anonimizzati. La raccolta dei dati (anonimi) \u00e8 all\u2019unico fine di elaborare statistiche totalmente anonime sull\u2019utilizzo del sito e sul suo funzionamento.<\/p>\n<p><a href=\"https:\/\/www.google.com\/analytics\/terms\/us.html\">PRIVACY POLICY GOOGLE ANALYTICS<\/a><\/p>\n<p><strong>Sicurezza<\/strong><\/p>\n<p>Il sito utilizza un plugin anti intrusione\/phishing\/anti virus al fine di garantire la sicurezza del sito e dei dati in esso contenuti. L\u2019utilizzo del plugin di sicurezza NON comporta alcun tipo di tracciamento per l\u2019utente che naviga il sito o utilizza i servizi in esso offerti. Il sito nauticasuditalia.it infatti non consente l\u2019autenticazione ad utenti esterni al personale preposto; non esiste alcun link pubblico di autenticazione, e in relazione a questo il plugin segnala e blocca solo i tentativi di accesso non autorizzati da parte di bot o malintenzionati.<\/p>\n<p><strong>Link ad altri siti<\/strong><\/p>\n<p>nauticasuditalia.it potrebbe contenere link ad altri siti (c.d. siti terzi). nauticasuditalia.it non effettua alcun accesso o controllo su cookies, web beacon e altre tecnologie di tracciamento degli utenti che potrebbero essere utilizzate dai siti terzi cui l\u2019utente pu\u00f2 accedere dal Sito; non effettua alcun controllo su contenuti e materiali pubblicati da o ottenuti attraverso siti terzi, n\u00e9 sulle relative modalit\u00e0 di trattamento dei dati personali dell\u2019utente, ed espressamente declina ogni relativa responsabilit\u00e0 per tali eventualit\u00e0. L\u2019utente \u00e8 tenuto a verificare la privacy policy dei siti terzi cui accede tramite il Sito e ad informarsi circa le condizioni applicabili al trattamento dei propri dati personali. La presente Privacy Policy si applica solo al Sito come sopra definito.<\/p>\n<p><strong>Interazione con social network e piattaforme esterne<\/strong><\/p>\n<p>Questi servizi permettono di effettuare interazioni con i social network, o con altre piattaforme esterne, direttamente dalle pagine di questa Applicazione.<\/p>\n<p><strong>Le interazioni e le informazioni acquisite da questa Applicazione sono in ogni caso soggette alle impostazioni privacy dell\u2019Utente relative ad ogni social network.<\/strong><\/p>\n<p>Nel caso in cui sia installato un servizio di interazione con i social network, \u00e8 possibile che, anche nel caso gli Utenti non utilizzino il servizio, lo stesso raccolga dati di traffico relativi alle pagine in cui \u00e8 installato. Quando l\u2019utente utilizza le funzionalit\u00e0 dei plugin social, dati e informazioni vengono inviate dal browser direttamente alla piattaforma social che le memorizza. Per trovare le informazioni su tipo, finalit\u00e0, modalit\u00e0 di raccolta dei dati personali, oltre che elaborazione, utilizzo e conservazione, ed esercizio dei propri diritti, l\u2019utente \u00e8 pregato di consultare la privacy policy della piattaforma social.<\/p>\n<p><strong>Pulsante \u201dCondividi\u201d di Facebook (Facebook)<\/strong><\/p>\n<p>Servizi di interazione con il social network Facebook, forniti da Facebook Inc.<\/p>\n<p><a href=\"http:\/\/www.facebook.com\/privacy\/explanation.php\">Privacy Policy<\/a><\/p>\n<p><strong>Pulsante \u201dCondividi\u201d di Linkedin<\/strong><\/p>\n<p>Servizi di interazione con la piattaforma di messaggistica istantanea WhatsApp.<\/p>\n<p><a href=\"https:\/\/www.linkedin.com\/legal\/privacy-policy\">Privacy Policy<\/a><\/p>\n<p><strong>Appendice della piattaforma Facebook<\/strong><\/p>\n<p>Il titolare del trattamento indicato nella presente privacy rende noto a chiunque possa trovare la pagina aziendale\u00a0Auditorium del Massimo\u00a0sulla piattaforma Facebook o tramite altri canali che:<\/p>\n<p>Il titolare del trattamento e Facebook sono nominati congiuntamente Titolari del trattamento dei dati statistici messi a disposizione da Facebook.<\/p>\n<p>Lo strumento messo a disposizione da Facebook per la visualizzazione delle statistiche si chiama Insights ed \u00e8 totalmente anonimo. Il titolare del trattamento, nonostante la nomina a titolare congiunto con Facebook Ireland Limited non pu\u00f2 in alcun modo risalire ai dettagli degli utenti, cos\u00ec come previsto dalla\u00a0<a href=\"https:\/\/www.facebook.com\/legal\/terms\/page_controller_addendum\">Appendice sul titolare del trattamento per Insights della Pagina<\/a><\/p>\n<p><strong>Come disabilitare i cookies nei browser\u00a0<\/strong><\/p>\n<p>Esistono diversi modi per gestire i cookie e altre tecnologie di tracciabilit\u00e0. Modificando le impostazioni del browser, puoi accettare o rifiutare i cookie o decidere di ricevere un messaggio di avviso prima di accettare un cookie dai siti Web visitati. Ti ricordiamo che disabilitando completamente i cookie nel browser potresti non essere in grado di utilizzare tutte le nostre funzionalit\u00e0 interattive.<\/p>\n<p>Se utilizzi pi\u00f9 computer in postazioni diverse, assicurati che ogni browser sia impostato in modo da soddisfare le tue preferenze. Puoi eliminare tutti i cookie installati nella cartella dei cookie del tuo browser. Ciascun browser presenta procedure diverse per la gestione delle impostazioni. Fai clic su uno dei collegamenti sottostanti per ottenere istruzioni specifiche.<\/p>\n<p><a href=\"http:\/\/windows.microsoft.com\/it-it\/windows7\/block-enable-or-allow-cookies\">Microsoft Windows Explorer<\/a><\/p>\n<p><a href=\"https:\/\/support.google.com\/chrome\/bin\/answer.py?hl=it&amp;answer=95647&amp;p=cpn_cookies\">Google Chrome<\/a><\/p>\n<p><a href=\"http:\/\/support.mozilla.org\/it-IT\/kb\/Enabling%20and%20disabling%20cookies\">Mozilla Firefox\u00a0<\/a><\/p>\n<p><a href=\"http:\/\/support.apple.com\/kb\/PH17191?viewlocale=it_IT&amp;locale=it_IT\">Apple Safari<\/a><\/p>\n<p><strong>Conservazione dei dati personali<\/strong><\/p>\n<p>I dati personali eventualmente conferiti (via email) sono conservati attraverso sistemi informatici gestiti da terzi fornitori di servizi tecnici (Gmail per email); per maggiori dettagli si prega di fare riferimento ai punti che seguono. I dati, secondo quanto riportano le relative Privacy Policy, sono trattati esclusivamente da personale specificamente autorizzato, incluso il personale incaricato di svolgere operazioni di manutenzione straordinaria.<\/p>\n<p><strong>Finalit\u00e0 e metodi trattamenti dati<\/strong><\/p>\n<p>Il sito potrebbe trattare i dati personali dell\u2019utente solo per le seguenti finalit\u00e0: utilizzo da parte degli utenti di servizi e funzionalit\u00e0 presenti sul Sito, gestione di richieste e segnalazioni da parte dei propri utenti.<br \/>\nI dati personali, in tal caso,verranno trattati esclusivamente in forma elettronica nel pieno rispetto del Reg UE 2016\/679, compresi i profili di sicurezza e confidenzialit\u00e0 ed ispirandosi ai principi di correttezza e liceit\u00e0 di trattamento. In conformit\u00e0 al Reg UE 2016\/679 i dati sono custoditi e conservati per il tempo necessario alla gestione della richiesta alla base del conferimento.<\/p>\n<p><strong>Sicurezza e qualit\u00e0 dei dati personali<\/strong><\/p>\n<p>Il sito si impegna a proteggere la sicurezza dei dati personali dell\u2019utente e rispetta le disposizioni in materia di sicurezza previste dalla normativa applicabile al fine di evitare perdite di dati, usi illegittimi o illeciti dei dati e accessi non autorizzati agli stessi, con particolare riferimento al Disciplinare Tecnico in materia di misure minime di sicurezza. Inoltre, i sistemi informativi e i programmi informatici utilizzati sono configurati in modo da ridurre al minimo l\u2019uso di dati personali e identificativi; tali dati sono trattati solo per il conseguimento delle specifiche finalit\u00e0 di volta in volta perseguite. Il sito utilizza molteplici tecnologie avanzate di sicurezza e procedure atte a favorire la protezione dei dati personali degli utenti. L\u2019utente pu\u00f2 aiutare ad aggiornare e mantenere corretti i propri dati personali comunicando qualsiasi modifica relativa.<\/p>\n<p><strong>Ambito di comunicazione e di accesso dei dati<\/strong><br \/>\nI dati personali dell\u2019utente potranno essere comunicati a:<\/p>\n<p>tutti i soggetti cui la facolt\u00e0 di accesso a tali dati \u00e8 riconosciuta in forza di provvedimenti normativi;<\/p>\n<p><strong>Natura di conferimento dei dati personali<\/strong><\/p>\n<p>Il conferimento di alcuni dati personali da parte dell\u2019utente \u00e8 obbligatorio per consentire di gestire le comunicazioni, le richieste pervenute dall\u2019utente o per ricontattare l\u2019utente stesso per dar seguito alla sua richiesta. Questo tipo di dati sono contrassegnati dal simbolo asterisco [*] ed in tal caso il conferimento \u00e8 obbligatorio per consentire di dar seguito alla richiesta che, in difetto, non potr\u00e0 essere evasa. Al contrario, la raccolta degli altri dati non contrassegnati dall\u2019asterisco \u00e8 facoltativa: il mancato conferimento non comporter\u00e0 alcuna conseguenza per l\u2019utente.<\/p>\n<p><strong>Diritti dell\u2019interessato\u00a012.1 Art. 15 (diritto di accesso), 16 (diritto di rettifica) del Reg. UE 2016\/679<\/strong><\/p>\n<p>L\u2019interessato ha il diritto di ottenere la conferma che sia o meno in corso un trattamento di dati personali che lo riguardano e in tal caso, di ottenere l\u2019accesso ai dati personali e alle seguenti informazioni:a) le finalit\u00e0 del trattamento;b) le categorie di dati personali in questione;c) i destinatari o le categorie di destinatari a cui i dati personali sono stati o saranno comunicati, in particolare se destinatari di paesi terzi o organizzazioni internazionali;d) il periodo di conservazione dei dati personali previsto oppure, se non \u00e8 possibile, i criteri utilizzati per determinare tale periodo;e) l\u2019esistenza del diritto dell\u2019interessato di chiedere al titolare del trattamento la rettifica o la cancellazione dei dati personali o la limitazione del trattamento dei dati personali che lo riguardano o di opporsi al loro trattamento;f) il diritto di proporre reclamo a un\u2019autorit\u00e0 di controllo;h) l\u2019esistenza di un processo decisionale automatizzato, compresa la profilazione e, almeno in tali casi, informazioni significative sulla logica utilizzata, nonch\u00e9 l\u2019importanza e le conseguenze previste di tale trattamento per l\u2019interessato.<\/p>\n<p><strong>Diritto di cui all\u2019art. 17 del Reg. UE 2016\/679\u00a0\u2013\u00a0diritto alla cancellazione<\/strong>\u00a0(\u00abdiritto all\u2019oblio\u00bb) L\u2019interessato ha il diritto di ottenere la cancellazione dei dati personali che lo riguardano senza ingiustificato ritardo e il titolare del trattamento ha l\u2019obbligo di cancellare senza ingiustificato ritardo i dati personali, se sussiste uno dei motivi seguenti:<br \/>\na) i dati personali non sono pi\u00f9 necessari rispetto alle finalit\u00e0 per le quali sono stati raccolti o altrimenti trattati;b) l\u2019interessato revoca il consenso su cui si basa il trattamento conformemente all\u2019articolo 6, paragrafo 1, lettera a), o all\u2019articolo 9, paragrafo 2, lettera a), e se non sussiste altro fondamento giuridico per il trattamento;c) l\u2019interessato si oppone al trattamento ai sensi dell\u2019articolo 21, paragrafo 1, e non sussiste alcun motivo legittimo prevalente per procedere al trattamento, oppure si oppone al trattamento ai sensi dell\u2019articolo 21, paragrafo 2;d) i dati personali sono stati trattati illecitamente;e) i dati personali devono essere cancellati per adempiere un obbligo legale previsto dal diritto dell\u2019Unione o dello Stato membro cui \u00e8 soggetto il titolare del trattamento;f) i dati personali sono stati raccolti relativamente all\u2019offerta di servizi della societ\u00e0 dell\u2019informazione di cui all\u2019articolo 8, paragrafo 1 del Reg. UE 2016\/679<\/p>\n<p><strong>Diritto di cui all\u2019 art. 18 Diritto di limitazione di trattamento<\/strong>\u00a0L\u2019interessato ha il diritto di ottenere la limitazione del trattamento quando ricorre una delle seguenti ipotesi: a) l\u2019interessato contesta l\u2019esattezza dei dati personali, per il periodo necessario al titolare del trattamento per verificare l\u2019esattezza di tali dati personali;b) il trattamento \u00e8 illecito e l\u2019interessato si oppone alla cancellazione dei dati personali e chiede invece che ne sia limitato l\u2019utilizzo;c) bench\u00e9 il titolare del trattamento non ne abbia pi\u00f9 bisogno ai fini del trattamento, i dati personali sono necessari all\u2019interessato per l\u2019accertamento, l\u2019esercizio o la difesa di un diritto in sede giudiziaria;d) l\u2019interessato si \u00e8 opposto al trattamento ai sensi dell\u2019articolo 21, paragrafo 1, Reg UE 2016\/679 in attesa della verifica in merito all\u2019eventuale prevalenza dei motivi legittimi del titolare del trattamento rispetto a quelli dell\u2019interessato.<\/p>\n<p><strong>Diritto di cui all\u2019art.20 Diritto alla portabilit\u00e0 dei dati<\/strong>\u00a0L\u2019interessato ha il diritto di ricevere in un formato strutturato, di uso comune e leggibile da dispositivo automatico i dati personali che lo riguardano forniti a un titolare del trattamento e ha il diritto di trasmettere tali dati a un altro titolare del trattamento senza impedimenti da parte del titolare del trattamento.<\/p>\n<p><strong>Revoca del consenso al trattamento<\/strong>\u00a0L\u2019interessato facolt\u00e0 di revocare il consenso al trattamento dei Suoi dati personali, inviando una email al seguente indirizzo dedicato:\u00a0<strong>gdpr@nauticasuditalia.it<\/strong>\u00a0corredato da fotocopia del suo documento di identit\u00e0, con il seguente testo: &lt;&lt;revoca del consenso al trattamento di tutti i miei dati personali&gt;&gt;. Al termine di questa operazione i Suoi dati personali saranno rimossi dagli archivi nel pi\u00f9 breve tempo possibile. Se desidera avere maggiori informazioni sul trattamento dei Suoi dati personali, ovvero esercitare i diritti di cui al precedente punto 7, pu\u00f2 inviare una email al seguente indirizzo dedicato:\u00a0<strong>gdpr@nauticasuditalia.it<\/strong><\/p>\n<p>Prima di poterLe fornire, o modificare qualsiasi informazione, potrebbe essere necessario verificare la Sua identit\u00e0 e rispondere ad alcune domande. Una risposta sar\u00e0 fornita al pi\u00f9 presto.[\/et_pb_blurb][\/et_pb_column][\/et_pb_row][\/et_pb_section]<\/p>\n","protected":false},"excerpt":{"rendered":"<p>Privacy policyL\u2019indirizzo del nostro sito web \u00e8:\u00a0https:\/\/nauticasuditalia.it\/ Prendiamo in seria considerazione la privacy dell\u2019utente e il nostro impegno \u00e8 volto al rispetto della stessa. La presente privacy policy (\u201cPrivacy Policy\u201d) descrive le attivit\u00e0 di trattamento di dati personali realizzate da nauticasuditalia.it (di seguito nauticasuditalia.it) e i relativi impegni assunti in tal senso. nauticasuditalia.it\u00a0non tratta i [&hellip;]<\/p>\n","protected":false},"author":3,"featured_media":0,"parent":0,"menu_order":0,"comment_status":"closed","ping_status":"closed","template":"","meta":{"_et_pb_use_builder":"on","_et_pb_old_content":"","_et_gb_content_width":"","footnotes":""},"class_list":["post-2937","page","type-page","status-publish","hentry"],"_links":{"self":[{"href":"https:\/\/nauticasuditalia.it\/en\/wp-json\/wp\/v2\/pages\/2937","targetHints":{"allow":["GET"]}}],"collection":[{"href":"https:\/\/nauticasuditalia.it\/en\/wp-json\/wp\/v2\/pages"}],"about":[{"href":"https:\/\/nauticasuditalia.it\/en\/wp-json\/wp\/v2\/types\/page"}],"author":[{"embeddable":true,"href":"https:\/\/nauticasuditalia.it\/en\/wp-json\/wp\/v2\/users\/3"}],"replies":[{"embeddable":true,"href":"https:\/\/nauticasuditalia.it\/en\/wp-json\/wp\/v2\/comments?post=2937"}],"version-history":[{"count":2,"href":"https:\/\/nauticasuditalia.it\/en\/wp-json\/wp\/v2\/pages\/2937\/revisions"}],"predecessor-version":[{"id":2940,"href":"https:\/\/nauticasuditalia.it\/en\/wp-json\/wp\/v2\/pages\/2937\/revisions\/2940"}],"wp:attachment":[{"href":"https:\/\/nauticasuditalia.it\/en\/wp-json\/wp\/v2\/media?parent=2937"}],"curies":[{"name":"wp","href":"https:\/\/api.w.org\/{rel}","templated":true}]}}